{"id":1072,"date":"2022-03-12T04:01:03","date_gmt":"2022-03-12T04:01:03","guid":{"rendered":"http:\/\/ayco.com.gt\/constructora-desarrolladora-guatemala\/?page_id=1072"},"modified":"2022-05-20T18:03:03","modified_gmt":"2022-05-20T18:03:03","slug":"ayco-steel-2","status":"publish","type":"page","link":"https:\/\/ayco.com.gt\/constructora-desarrolladora-guatemala\/ayco-steel-2\/","title":{"rendered":"AYCO STEEL"},"content":{"rendered":"\t\t<div data-elementor-type=\"wp-page\" data-elementor-id=\"1072\" class=\"elementor elementor-1072\" data-elementor-post-type=\"page\">\n\t\t\t\t\t\t<section data-particle_enable=\"false\" data-particle-mobile-disabled=\"false\" class=\"elementor-section elementor-top-section elementor-element elementor-element-4cc723b0 elementor-section-height-min-height elementor-section-boxed elementor-section-height-default elementor-section-items-middle exad-glass-effect-no exad-sticky-section-no\" data-id=\"4cc723b0\" data-element_type=\"section\" data-e-type=\"section\" data-settings=\"{&quot;background_background&quot;:&quot;classic&quot;}\">\n\t\t\t\t\t\t<div class=\"elementor-container elementor-column-gap-no\">\n\t\t\t\t\t<div class=\"elementor-column elementor-col-100 elementor-top-column elementor-element elementor-element-2163ef9e exad-glass-effect-no exad-sticky-section-no\" data-id=\"2163ef9e\" data-element_type=\"column\" data-e-type=\"column\">\n\t\t\t<div class=\"elementor-widget-wrap elementor-element-populated\">\n\t\t\t\t\t\t<div class=\"elementor-element elementor-element-1f0bcbf7 exad-sticky-section-no exad-glass-effect-no elementor-widget elementor-widget-heading\" data-id=\"1f0bcbf7\" data-element_type=\"widget\" data-e-type=\"widget\" data-widget_type=\"heading.default\">\n\t\t\t\t<div class=\"elementor-widget-container\">\n\t\t\t\t\t<h2 class=\"elementor-heading-title elementor-size-default\">Servicios<\/h2>\t\t\t\t<\/div>\n\t\t\t\t<\/div>\n\t\t\t\t\t<\/div>\n\t\t<\/div>\n\t\t\t\t\t<\/div>\n\t\t<\/section>\n\t\t\t\t<section data-particle_enable=\"false\" data-particle-mobile-disabled=\"false\" class=\"elementor-section elementor-top-section elementor-element elementor-element-34b0461c elementor-section-boxed elementor-section-height-default elementor-section-height-default exad-glass-effect-no exad-sticky-section-no\" data-id=\"34b0461c\" data-element_type=\"section\" data-e-type=\"section\">\n\t\t\t\t\t\t<div class=\"elementor-container elementor-column-gap-default\">\n\t\t\t\t\t<div class=\"elementor-column elementor-col-100 elementor-top-column elementor-element elementor-element-5efbab77 exad-glass-effect-no exad-sticky-section-no\" data-id=\"5efbab77\" data-element_type=\"column\" data-e-type=\"column\">\n\t\t\t<div class=\"elementor-widget-wrap elementor-element-populated\">\n\t\t\t\t\t\t<section data-particle_enable=\"false\" data-particle-mobile-disabled=\"false\" class=\"elementor-section elementor-inner-section elementor-element elementor-element-5bec5e1b elementor-section-boxed elementor-section-height-default elementor-section-height-default exad-glass-effect-no exad-sticky-section-no\" data-id=\"5bec5e1b\" data-element_type=\"section\" data-e-type=\"section\">\n\t\t\t\t\t\t<div class=\"elementor-container elementor-column-gap-no\">\n\t\t\t\t\t<div class=\"elementor-column elementor-col-50 elementor-inner-column elementor-element elementor-element-329ac25f exad-glass-effect-no exad-sticky-section-no elementor-invisible\" data-id=\"329ac25f\" data-element_type=\"column\" data-e-type=\"column\" data-settings=\"{&quot;animation&quot;:&quot;fadeInLeft&quot;}\">\n\t\t\t<div class=\"elementor-widget-wrap elementor-element-populated\">\n\t\t\t\t\t\t<div class=\"elementor-element elementor-element-54dbf896 exad-sticky-section-no exad-glass-effect-no elementor-widget elementor-widget-eael-creative-button\" data-id=\"54dbf896\" data-element_type=\"widget\" data-e-type=\"widget\" data-widget_type=\"eael-creative-button.default\">\n\t\t\t\t<div class=\"elementor-widget-container\">\n\t\t\t\t\t        <div class=\"eael-creative-button-wrapper\">\n\n            <a class=\"eael-creative-button eael-creative-button--wayra\" href=\"http:\/\/ayco.com.gt\/constructora-desarrolladora-guatemala\/catalago-techos\/\" data-text=\"CURVO AYCO\">\n            \t    \n                <div class=\"creative-button-inner\">\n\n                                            <span class=\"eael-creative-button-icon-left\"><i aria-hidden=\"true\" class=\"fas fa-circle\"><\/i><\/span>                    \n                    <span class=\"cretive-button-text\">CURVO AYCO<\/span>\n\n                                    <\/div>\n\t                        <\/a>\n        <\/div>\n        \t\t\t\t<\/div>\n\t\t\t\t<\/div>\n\t\t\t\t<div class=\"elementor-element elementor-element-633eb923 exad-sticky-section-no exad-glass-effect-no elementor-widget elementor-widget-eael-creative-button\" data-id=\"633eb923\" data-element_type=\"widget\" data-e-type=\"widget\" data-widget_type=\"eael-creative-button.default\">\n\t\t\t\t<div class=\"elementor-widget-container\">\n\t\t\t\t\t        <div class=\"eael-creative-button-wrapper\">\n\n            <a class=\"eael-creative-button eael-creative-button--wayra\" href=\"http:\/\/ayco.com.gt\/constructora-desarrolladora-guatemala\/ayco-panel-50-t\/\" data-text=\"AYCO PANEL 50\">\n            \t    \n                <div class=\"creative-button-inner\">\n\n                                            <span class=\"eael-creative-button-icon-left\"><i aria-hidden=\"true\" class=\"fas fa-circle\"><\/i><\/span>                    \n                    <span class=\"cretive-button-text\">AYCO PANEL 50<\/span>\n\n                                    <\/div>\n\t                        <\/a>\n        <\/div>\n        \t\t\t\t<\/div>\n\t\t\t\t<\/div>\n\t\t\t\t<div class=\"elementor-element elementor-element-5cc11e74 exad-sticky-section-no exad-glass-effect-no elementor-widget elementor-widget-eael-creative-button\" data-id=\"5cc11e74\" data-element_type=\"widget\" data-e-type=\"widget\" data-widget_type=\"eael-creative-button.default\">\n\t\t\t\t<div class=\"elementor-widget-container\">\n\t\t\t\t\t        <div class=\"eael-creative-button-wrapper\">\n\n            <a class=\"eael-creative-button eael-creative-button--wayra\" href=\"http:\/\/ayco.com.gt\/constructora-desarrolladora-guatemala\/elementor-910\/\" data-text=\"AYCO TPO\">\n            \t    \n                <div class=\"creative-button-inner\">\n\n                                            <span class=\"eael-creative-button-icon-left\"><i aria-hidden=\"true\" class=\"fas fa-circle\"><\/i><\/span>                    \n                    <span class=\"cretive-button-text\">AYCO TPO<\/span>\n\n                                    <\/div>\n\t                        <\/a>\n        <\/div>\n        \t\t\t\t<\/div>\n\t\t\t\t<\/div>\n\t\t\t\t<div class=\"elementor-element elementor-element-2cc892ee exad-sticky-section-no exad-glass-effect-no elementor-widget elementor-widget-eael-creative-button\" data-id=\"2cc892ee\" data-element_type=\"widget\" data-e-type=\"widget\" data-widget_type=\"eael-creative-button.default\">\n\t\t\t\t<div class=\"elementor-widget-container\">\n\t\t\t\t\t        <div class=\"eael-creative-button-wrapper\">\n\n            <a class=\"eael-creative-button eael-creative-button--wayra\" href=\"http:\/\/ayco.com.gt\/constructora-desarrolladora-guatemala\/constru-ayco-2\/\" data-text=\"CONSTRU AYCO\">\n            \t    \n                <div class=\"creative-button-inner\">\n\n                                            <span class=\"eael-creative-button-icon-left\"><i aria-hidden=\"true\" class=\"fas fa-circle\"><\/i><\/span>                    \n                    <span class=\"cretive-button-text\">CONSTRU AYCO<\/span>\n\n                                    <\/div>\n\t                        <\/a>\n        <\/div>\n        \t\t\t\t<\/div>\n\t\t\t\t<\/div>\n\t\t\t\t<div class=\"elementor-element elementor-element-59c32707 exad-sticky-section-no exad-glass-effect-no elementor-widget elementor-widget-eael-creative-button\" data-id=\"59c32707\" data-element_type=\"widget\" data-e-type=\"widget\" data-widget_type=\"eael-creative-button.default\">\n\t\t\t\t<div class=\"elementor-widget-container\">\n\t\t\t\t\t        <div class=\"eael-creative-button-wrapper\">\n\n            <a class=\"eael-creative-button eael-creative-button--wayra\" href=\"http:\/\/ayco.com.gt\/constructora-desarrolladora-guatemala\/metal-ayco-2\/\" data-text=\"METAL AYCO\">\n            \t    \n                <div class=\"creative-button-inner\">\n\n                                            <span class=\"eael-creative-button-icon-left\"><i aria-hidden=\"true\" class=\"fas fa-circle\"><\/i><\/span>                    \n                    <span class=\"cretive-button-text\">METAL AYCO<\/span>\n\n                                    <\/div>\n\t                        <\/a>\n        <\/div>\n        \t\t\t\t<\/div>\n\t\t\t\t<\/div>\n\t\t\t\t<div class=\"elementor-element elementor-element-ef86770 exad-sticky-section-no exad-glass-effect-no elementor-widget elementor-widget-eael-creative-button\" data-id=\"ef86770\" data-element_type=\"widget\" data-e-type=\"widget\" data-widget_type=\"eael-creative-button.default\">\n\t\t\t\t<div class=\"elementor-widget-container\">\n\t\t\t\t\t        <div class=\"eael-creative-button-wrapper\">\n\n            <a class=\"eael-creative-button eael-creative-button--wayra\" href=\"#\" data-text=\"AYCO STEEL\">\n            \t    \n                <div class=\"creative-button-inner\">\n\n                                            <span class=\"eael-creative-button-icon-left\"><i aria-hidden=\"true\" class=\"fas fa-circle\"><\/i><\/span>                    \n                    <span class=\"cretive-button-text\">AYCO STEEL<\/span>\n\n                                    <\/div>\n\t                        <\/a>\n        <\/div>\n        \t\t\t\t<\/div>\n\t\t\t\t<\/div>\n\t\t\t\t\t<\/div>\n\t\t<\/div>\n\t\t\t\t<div class=\"elementor-column elementor-col-50 elementor-inner-column elementor-element elementor-element-40df941b exad-glass-effect-no exad-sticky-section-no elementor-invisible\" data-id=\"40df941b\" data-element_type=\"column\" data-e-type=\"column\" data-settings=\"{&quot;animation&quot;:&quot;fadeInRight&quot;}\">\n\t\t\t<div class=\"elementor-widget-wrap elementor-element-populated\">\n\t\t\t\t\t\t<div class=\"elementor-element elementor-element-6f54a2e exad-sticky-section-no exad-glass-effect-no elementor-widget elementor-widget-image\" data-id=\"6f54a2e\" data-element_type=\"widget\" data-e-type=\"widget\" data-settings=\"{&quot;motion_fx_motion_fx_scrolling&quot;:&quot;yes&quot;,&quot;motion_fx_scale_effect&quot;:&quot;yes&quot;,&quot;motion_fx_scale_direction&quot;:&quot;in-out&quot;,&quot;motion_fx_scale_speed&quot;:{&quot;unit&quot;:&quot;px&quot;,&quot;size&quot;:1,&quot;sizes&quot;:[]},&quot;motion_fx_scale_range&quot;:{&quot;unit&quot;:&quot;%&quot;,&quot;size&quot;:&quot;&quot;,&quot;sizes&quot;:{&quot;start&quot;:20,&quot;end&quot;:80}},&quot;motion_fx_devices&quot;:[&quot;desktop&quot;,&quot;tablet&quot;,&quot;mobile&quot;]}\" data-widget_type=\"image.default\">\n\t\t\t\t<div class=\"elementor-widget-container\">\n\t\t\t\t\t\t\t\t\t\t\t\t\t\t\t<img fetchpriority=\"high\" decoding=\"async\" width=\"1280\" height=\"1280\" src=\"http:\/\/ayco.com.gt\/constructora-desarrolladora-guatemala\/wp-content\/uploads\/2022\/05\/278064081_4858045597649791_1164746945974888612_n.png\" class=\"attachment-full size-full wp-image-1754\" alt=\"\" srcset=\"http:\/\/ayco.com.gt\/constructora-desarrolladora-guatemala\/wp-content\/uploads\/2022\/05\/278064081_4858045597649791_1164746945974888612_n.png 1280w, http:\/\/ayco.com.gt\/constructora-desarrolladora-guatemala\/wp-content\/uploads\/2022\/05\/278064081_4858045597649791_1164746945974888612_n-300x300.png 300w, http:\/\/ayco.com.gt\/constructora-desarrolladora-guatemala\/wp-content\/uploads\/2022\/05\/278064081_4858045597649791_1164746945974888612_n-1024x1024.png 1024w, http:\/\/ayco.com.gt\/constructora-desarrolladora-guatemala\/wp-content\/uploads\/2022\/05\/278064081_4858045597649791_1164746945974888612_n-150x150.png 150w, http:\/\/ayco.com.gt\/constructora-desarrolladora-guatemala\/wp-content\/uploads\/2022\/05\/278064081_4858045597649791_1164746945974888612_n-768x768.png 768w\" sizes=\"(max-width: 1280px) 100vw, 1280px\" \/>\t\t\t\t\t\t\t\t\t\t\t\t\t\t\t<\/div>\n\t\t\t\t<\/div>\n\t\t\t\t<div class=\"elementor-element elementor-element-2a4c9521 exad-sticky-section-no exad-glass-effect-no elementor-widget elementor-widget-text-editor\" data-id=\"2a4c9521\" data-element_type=\"widget\" data-e-type=\"widget\" data-widget_type=\"text-editor.default\">\n\t\t\t\t<div class=\"elementor-widget-container\">\n\t\t\t\t\t\t\t\t\t<p><span style=\"font-weight: 400;\">Importamos acero tipo l\u00e1mina en bobina de Asia y Am\u00e9rica, perm\u00edtanos traer su producto bajo pedido y con especi\ufb01caciones que sean adecuadas para el uso \ufb01nal. AYCO cuenta con m\u00e1s de 12 plantas de recubrimiento para galvanizado, aluzinc y pintura.<\/span><\/p>\t\t\t\t\t\t\t\t<\/div>\n\t\t\t\t<\/div>\n\t\t\t\t<div class=\"elementor-element elementor-element-7f702ab8 exad-sticky-section-no exad-glass-effect-no elementor-widget elementor-widget-heading\" data-id=\"7f702ab8\" data-element_type=\"widget\" data-e-type=\"widget\" data-widget_type=\"heading.default\">\n\t\t\t\t<div class=\"elementor-widget-container\">\n\t\t\t\t\t<h2 class=\"elementor-heading-title elementor-size-default\"><span>Beneficios y Riesgos<\/span><\/h2>\t\t\t\t<\/div>\n\t\t\t\t<\/div>\n\t\t\t\t<div class=\"elementor-element elementor-element-357b8c94 exad-sticky-section-no exad-glass-effect-no elementor-widget elementor-widget-text-editor\" data-id=\"357b8c94\" data-element_type=\"widget\" data-e-type=\"widget\" data-widget_type=\"text-editor.default\">\n\t\t\t\t<div class=\"elementor-widget-container\">\n\t\t\t\t\t\t\t\t\t<p><span style=\"font-weight: 400;\">Con AYCO los bene\ufb01cios son seguridad, precio, calidad y soporte. No se arriesgue invirtiendo su capital de trabajo importando material de un lugar sin ser inspeccionado, sin conocer sus procesos de fabricaci\u00f3n, sin saber qui\u00e9nes lideran las f\u00e1bricas, sin saber los controles de calidad y sin saber con qui\u00e9n realmente habla.<\/span><\/p>\t\t\t\t\t\t\t\t<\/div>\n\t\t\t\t<\/div>\n\t\t\t\t<div class=\"elementor-element elementor-element-45564caf exad-sticky-section-no exad-glass-effect-no elementor-widget elementor-widget-heading\" data-id=\"45564caf\" data-element_type=\"widget\" data-e-type=\"widget\" data-widget_type=\"heading.default\">\n\t\t\t\t<div class=\"elementor-widget-container\">\n\t\t\t\t\t<h2 class=\"elementor-heading-title elementor-size-default\">Inspecci\u00f3n y Calidad<\/h2>\t\t\t\t<\/div>\n\t\t\t\t<\/div>\n\t\t\t\t<div class=\"elementor-element elementor-element-7e2fbfce exad-sticky-section-no exad-glass-effect-no elementor-widget elementor-widget-text-editor\" data-id=\"7e2fbfce\" data-element_type=\"widget\" data-e-type=\"widget\" data-widget_type=\"text-editor.default\">\n\t\t\t\t<div class=\"elementor-widget-container\">\n\t\t\t\t\t\t\t\t\t<p><span style=\"font-weight: 400;\">Con AYCO se asegura tener a un aliado en su importaci\u00f3n, hemos inspeccionado minuciosamente plantas de recubrimiento para PPGL, GL, GI y PPGI. Somos una empresa que puede asesorarlo a nivel t\u00e9cnico, desde densidades de recubrimiento hasta espesores que requiere su material seg\u00fan el uso \ufb01nal.<\/span><\/p>\t\t\t\t\t\t\t\t<\/div>\n\t\t\t\t<\/div>\n\t\t\t\t\t<\/div>\n\t\t<\/div>\n\t\t\t\t\t<\/div>\n\t\t<\/section>\n\t\t\t\t\t<\/div>\n\t\t<\/div>\n\t\t\t\t\t<\/div>\n\t\t<\/section>\n\t\t\t\t<\/div>\n\t\t","protected":false},"excerpt":{"rendered":"<p>Servicios CURVO AYCO AYCO PANEL 50 AYCO TPO CONSTRU AYCO METAL AYCO AYCO STEEL Importamos acero tipo l\u00e1mina en bobina de Asia y Am\u00e9rica, perm\u00edtanos traer su producto bajo pedido y con especi\ufb01caciones que sean adecuadas para el uso \ufb01nal. AYCO cuenta con m\u00e1s de 12 plantas de recubrimiento para galvanizado, aluzinc y pintura. Beneficios [&hellip;]<\/p>\n","protected":false},"author":1,"featured_media":0,"parent":0,"menu_order":0,"comment_status":"closed","ping_status":"closed","template":"","meta":{"site-sidebar-layout":"no-sidebar","site-content-layout":"page-builder","ast-site-content-layout":"default","site-content-style":"default","site-sidebar-style":"default","ast-global-header-display":"","ast-banner-title-visibility":"","ast-main-header-display":"","ast-hfb-above-header-display":"","ast-hfb-below-header-display":"","ast-hfb-mobile-header-display":"","site-post-title":"disabled","ast-breadcrumbs-content":"","ast-featured-img":"disabled","footer-sml-layout":"","theme-transparent-header-meta":"","adv-header-id-meta":"","stick-header-meta":"","header-above-stick-meta":"","header-main-stick-meta":"","header-below-stick-meta":"","astra-migrate-meta-layouts":"default","ast-page-background-enabled":"default","ast-page-background-meta":{"desktop":{"background-color":"var(--ast-global-color-4)","background-image":"","background-repeat":"repeat","background-position":"center center","background-size":"auto","background-attachment":"scroll","background-type":"","background-media":"","overlay-type":"","overlay-color":"","overlay-opacity":"","overlay-gradient":""},"tablet":{"background-color":"","background-image":"","background-repeat":"repeat","background-position":"center center","background-size":"auto","background-attachment":"scroll","background-type":"","background-media":"","overlay-type":"","overlay-color":"","overlay-opacity":"","overlay-gradient":""},"mobile":{"background-color":"","background-image":"","background-repeat":"repeat","background-position":"center center","background-size":"auto","background-attachment":"scroll","background-type":"","background-media":"","overlay-type":"","overlay-color":"","overlay-opacity":"","overlay-gradient":""}},"ast-content-background-meta":{"desktop":{"background-color":"var(--ast-global-color-5)","background-image":"","background-repeat":"repeat","background-position":"center center","background-size":"auto","background-attachment":"scroll","background-type":"","background-media":"","overlay-type":"","overlay-color":"","overlay-opacity":"","overlay-gradient":""},"tablet":{"background-color":"var(--ast-global-color-5)","background-image":"","background-repeat":"repeat","background-position":"center center","background-size":"auto","background-attachment":"scroll","background-type":"","background-media":"","overlay-type":"","overlay-color":"","overlay-opacity":"","overlay-gradient":""},"mobile":{"background-color":"var(--ast-global-color-5)","background-image":"","background-repeat":"repeat","background-position":"center center","background-size":"auto","background-attachment":"scroll","background-type":"","background-media":"","overlay-type":"","overlay-color":"","overlay-opacity":"","overlay-gradient":""}},"footnotes":""},"class_list":["post-1072","page","type-page","status-publish","hentry"],"_links":{"self":[{"href":"https:\/\/ayco.com.gt\/constructora-desarrolladora-guatemala\/wp-json\/wp\/v2\/pages\/1072","targetHints":{"allow":["GET"]}}],"collection":[{"href":"https:\/\/ayco.com.gt\/constructora-desarrolladora-guatemala\/wp-json\/wp\/v2\/pages"}],"about":[{"href":"https:\/\/ayco.com.gt\/constructora-desarrolladora-guatemala\/wp-json\/wp\/v2\/types\/page"}],"author":[{"embeddable":true,"href":"https:\/\/ayco.com.gt\/constructora-desarrolladora-guatemala\/wp-json\/wp\/v2\/users\/1"}],"replies":[{"embeddable":true,"href":"https:\/\/ayco.com.gt\/constructora-desarrolladora-guatemala\/wp-json\/wp\/v2\/comments?post=1072"}],"version-history":[{"count":31,"href":"https:\/\/ayco.com.gt\/constructora-desarrolladora-guatemala\/wp-json\/wp\/v2\/pages\/1072\/revisions"}],"predecessor-version":[{"id":1760,"href":"https:\/\/ayco.com.gt\/constructora-desarrolladora-guatemala\/wp-json\/wp\/v2\/pages\/1072\/revisions\/1760"}],"wp:attachment":[{"href":"https:\/\/ayco.com.gt\/constructora-desarrolladora-guatemala\/wp-json\/wp\/v2\/media?parent=1072"}],"curies":[{"name":"wp","href":"https:\/\/api.w.org\/{rel}","templated":true}]}}